{"id":21,"date":"2021-03-16T12:32:18","date_gmt":"2021-03-16T12:32:18","guid":{"rendered":"http:\/\/angeln-lenne.de\/?page_id=21"},"modified":"2026-03-05T13:39:36","modified_gmt":"2026-03-05T13:39:36","slug":"vereinsinfos","status":"publish","type":"page","link":"https:\/\/angeln-lenne.de\/?page_id=21","title":{"rendered":"Mitgliederinfos"},"content":{"rendered":"\n<p class=\"has-medium-font-size\"><strong>Das Zahlenschloss am Tor &#8222;In den Erlen&#8220;<\/strong><\/p>\n\n\n\n<p class=\"has-normal-font-size\"><br>Das Tor &#8222;In den Erlen&#8220; als Zugang zur sogenannten &#8222;Platte&#8220; ist mit einem neuen Zahlenschloss versehen worden. Der \u00d6ffnungscode wurde NICHT ver\u00e4ndert.<br>Wer den Zahlencode noch nicht kennt, wende sich bitte telefonisch an ein Mitglied des gesch\u00e4ftsf\u00fchrenden Vorstands.<\/p>\n\n\n\n<p><\/p>\n\n\n\n<p class=\"has-medium-font-size\"><strong>Downloadbereich<\/strong><\/p>\n\n\n\n<p>___________________________________________________________________________<\/p>\n\n\n\n<p><strong>Protokoll der Jahreshauptversammlung vom 20.02.2026<\/strong><\/p>\n\n\n\n<div class=\"wp-block-file\"><a id=\"wp-block-file--media-7437db49-a125-4e33-a03c-ad7518114daf\" href=\"https:\/\/angeln-lenne.de\/wp-content\/uploads\/2026\/03\/2026_Protokoll-JHV-homepage.pdf\">2026_Protokoll JHV homepage<\/a><\/div>\n\n\n\n<p>___________________________________________________________________________<\/p>\n\n\n\n<p><strong>Fangmeldung 2026<\/strong><\/p>\n\n\n\n<div class=\"wp-block-file\"><a id=\"wp-block-file--media-1184a862-135d-4724-9669-9d1167007f3c\" href=\"https:\/\/angeln-lenne.de\/wp-content\/uploads\/2026\/01\/Fangmeldung-2026.pdf\">Fangmeldung 2026<\/a><\/div>\n\n\n\n<p>___________________________________________________________________________<\/p>\n\n\n\n<p><strong>Vereinssatzung 2024<\/strong><\/p>\n\n\n\n<div class=\"wp-block-file\"><a id=\"wp-block-file--media-2595f810-2ad9-4ee4-bb67-c54af6308ff9\" href=\"https:\/\/angeln-lenne.de\/wp-content\/uploads\/2024\/07\/Satzung-der-Angelfreunde-Lenne-Hohenlimburg-e.V.-2024.pdf\">Satzung-der-Angelfreunde-Lenne-Hohenlimburg-e.V.-2024<\/a><\/div>\n\n\n\n<p>___________________________________________________________________________<\/p>\n\n\n\n<p><strong>Geb\u00fchrenordnung 2025<\/strong><\/p>\n\n\n\n<div class=\"wp-block-file\"><a id=\"wp-block-file--media-f3f94b98-4112-4f00-afee-ad9aceebb575\" href=\"https:\/\/angeln-lenne.de\/wp-content\/uploads\/2025\/03\/2025.02.-Gebuehrenordnung-der-Angelfreunde-Lenne-Hohenlimburg-e.V-1.pdf\">2025.02.-Geb\u00fchrenordnung-der-Angelfreunde-Lenne-Hohenlimburg e.V<\/a><\/div>\n\n\n\n<p>___________________________________________________________________________<\/p>\n\n\n\n<p><strong>Gew\u00e4sserkarte 2026<\/strong><\/p>\n\n\n\n<div class=\"wp-block-file\"><a id=\"wp-block-file--media-7903461f-a6a4-4685-a99c-658ec7417ec1\" href=\"https:\/\/angeln-lenne.de\/wp-content\/uploads\/2026\/01\/Gewaesserkarte-2026.pdf\">Gewaesserkarte 2026<\/a><\/div>\n\n\n\n<p>___________________________________________________________________________<\/p>\n\n\n\n<p><strong>Gew\u00e4sserordnung 2026<\/strong><\/p>\n\n\n\n<div class=\"wp-block-file\"><a id=\"wp-block-file--media-08aab747-6db8-4ad8-9a43-005b0b4b9702\" href=\"https:\/\/angeln-lenne.de\/wp-content\/uploads\/2026\/01\/Gewaesserordnung-2026_04.pdf\">Gewaesserordnung 2026_04<\/a><\/div>\n\n\n\n<p>___________________________________________________________________________<\/p>\n\n\n\n<p><strong>Aufnahmeantrag 2025<\/strong><\/p>\n\n\n\n<div class=\"wp-block-file\"><a id=\"wp-block-file--media-2bf1f515-2bb0-44c3-8549-ebbe86bea5dc\" href=\"https:\/\/angeln-lenne.de\/wp-content\/uploads\/2025\/04\/2025-02-Aufnahmeantrag-der-Angelfreunde-Lenne-Hohenlimburg-e.V.pdf\">2025-02 Aufnahmeantrag der Angelfreunde Lenne Hohenlimburg e.V<\/a><\/div>\n\n\n\n<p>___________________________________________________________________________<\/p>\n\n\n\n<p><strong>SEPA Lastschriftsmandant 2025<\/strong><\/p>\n\n\n\n<div class=\"wp-block-file\"><a id=\"wp-block-file--media-480a4fe4-cac8-47f3-962e-7ce3e6d17f67\" href=\"https:\/\/angeln-lenne.de\/wp-content\/uploads\/2025\/04\/2025-02-Sepa-Lastschrift-Mandat-Angelfreunde-Lenne-Hohenlimburg-e.V.pdf\">2025-02 Sepa Lastschrift Mandat Angelfreunde Lenne Hohenlimburg e.V<\/a><\/div>\n\n\n\n<p>___________________________________________________________________________<\/p>\n\n\n\n<p><strong>Pressemitteilung &#8211; Handlungsempfehlung f\u00fcr eine nachhaltige Angelfischerei<\/strong><\/p>\n\n\n\n<div class=\"wp-block-file\"><a id=\"wp-block-file--media-1d201cff-7a99-4171-a8af-7ed490758476\" href=\"https:\/\/angeln-lenne.de\/wp-content\/uploads\/2021\/03\/Pressemitteilung_Leibniz_Instituts.pdf\">Pressemitteilung des Leibnitzinstituts &#8211; Handlungsempfehlung f\u00fcr eine nachhaltige Angelfischerei<\/a><\/div>\n\n\n\n<p>___________________________________________________________________________<\/p>\n\n\n\n<p><strong>Befahr- und Abstellm\u00f6glichkeiten f\u00fcr gehbehinderte Angler<\/strong><\/p>\n\n\n\n<div class=\"wp-block-file\"><a id=\"wp-block-file--media-0763b4a9-ae50-41e4-a862-23e459dac480\" href=\"https:\/\/angeln-lenne.de\/wp-content\/uploads\/2021\/03\/WSA-D-M.pdf\">Befahr- und Abstellm\u00f6glichkeiten f\u00fcr gehbehinderte Angler<\/a><\/div>\n\n\n\n<p>___________________________________________________________________________<\/p>\n\n\n\n<p><strong>Einverst\u00e4ndniserkl\u00e4rung Jugendliche<\/strong><\/p>\n\n\n\n<div class=\"wp-block-file\"><a id=\"wp-block-file--media-e614924e-2ecd-4d67-93f2-0cddc1753a15\" href=\"https:\/\/angeln-lenne.de\/wp-content\/uploads\/2021\/03\/Kinder.pdf\">Einverst\u00e4ndniserkl\u00e4rung Jugendliche<\/a><\/div>\n\n\n\n<p>___________________________________________________________________________<\/p>\n","protected":false},"excerpt":{"rendered":"<p>Das Zahlenschloss am Tor &#8222;In den Erlen&#8220; Das Tor &#8222;In den Erlen&#8220; als Zugang zur sogenannten &#8222;Platte&#8220; ist mit einem&hellip;<\/p>\n","protected":false},"author":1,"featured_media":0,"parent":0,"menu_order":0,"comment_status":"closed","ping_status":"closed","template":"","meta":{"footnotes":""},"class_list":["post-21","page","type-page","status-publish","hentry"],"jetpack-related-posts":[],"jetpack_sharing_enabled":true,"_links":{"self":[{"href":"https:\/\/angeln-lenne.de\/index.php?rest_route=\/wp\/v2\/pages\/21","targetHints":{"allow":["GET"]}}],"collection":[{"href":"https:\/\/angeln-lenne.de\/index.php?rest_route=\/wp\/v2\/pages"}],"about":[{"href":"https:\/\/angeln-lenne.de\/index.php?rest_route=\/wp\/v2\/types\/page"}],"author":[{"embeddable":true,"href":"https:\/\/angeln-lenne.de\/index.php?rest_route=\/wp\/v2\/users\/1"}],"replies":[{"embeddable":true,"href":"https:\/\/angeln-lenne.de\/index.php?rest_route=%2Fwp%2Fv2%2Fcomments&post=21"}],"version-history":[{"count":28,"href":"https:\/\/angeln-lenne.de\/index.php?rest_route=\/wp\/v2\/pages\/21\/revisions"}],"predecessor-version":[{"id":1069,"href":"https:\/\/angeln-lenne.de\/index.php?rest_route=\/wp\/v2\/pages\/21\/revisions\/1069"}],"wp:attachment":[{"href":"https:\/\/angeln-lenne.de\/index.php?rest_route=%2Fwp%2Fv2%2Fmedia&parent=21"}],"curies":[{"name":"wp","href":"https:\/\/api.w.org\/{rel}","templated":true}]}}