{"id":45,"date":"2021-03-16T12:36:18","date_gmt":"2021-03-16T12:36:18","guid":{"rendered":"http:\/\/angeln-lenne.de\/?page_id=45"},"modified":"2022-04-25T08:30:40","modified_gmt":"2022-04-25T08:30:40","slug":"links","status":"publish","type":"page","link":"https:\/\/angeln-lenne.de\/?page_id=45","title":{"rendered":"Links"},"content":{"rendered":"\n<p><a href=\"http:\/\/www.dafv.de\" target=\"_blank\" rel=\"noreferrer noopener\">www.dafv.de<\/a><br>Deutscher Angelfischerverband e.V.<\/p>\n\n\n\n<p><br><a href=\"https:\/\/lwaf.de\">www.lwaf.de<\/a><br>Landesverband Westf\u00e4lischer Angelfischer im DAFV e.V.<\/p>\n\n\n\n<p><br><a rel=\"noreferrer noopener\" href=\"http:\/\/www.rhein-angeln.de\" target=\"_blank\">www.rhein-angeln.de<\/a><br>Infoportal f\u00fcr Rheinangler<\/p>\n\n\n\n<p><br><a href=\"http:\/\/www.angelninholland.de\" target=\"_blank\" rel=\"noreferrer noopener\">www.angelninholland.de<\/a><br>F\u00fcr Holland-Fans<\/p>\n\n\n\n<p><br><\/p>\n","protected":false},"excerpt":{"rendered":"<p>www.dafv.deDeutscher Angelfischerverband e.V. www.lwaf.deLandesverband Westf\u00e4lischer Angelfischer im DAFV e.V. www.rhein-angeln.deInfoportal f\u00fcr Rheinangler www.angelninholland.deF\u00fcr Holland-Fans<\/p>\n","protected":false},"author":1,"featured_media":0,"parent":0,"menu_order":0,"comment_status":"closed","ping_status":"closed","template":"","meta":{"footnotes":""},"class_list":["post-45","page","type-page","status-publish","hentry"],"jetpack-related-posts":[],"jetpack_sharing_enabled":true,"_links":{"self":[{"href":"https:\/\/angeln-lenne.de\/index.php?rest_route=\/wp\/v2\/pages\/45","targetHints":{"allow":["GET"]}}],"collection":[{"href":"https:\/\/angeln-lenne.de\/index.php?rest_route=\/wp\/v2\/pages"}],"about":[{"href":"https:\/\/angeln-lenne.de\/index.php?rest_route=\/wp\/v2\/types\/page"}],"author":[{"embeddable":true,"href":"https:\/\/angeln-lenne.de\/index.php?rest_route=\/wp\/v2\/users\/1"}],"replies":[{"embeddable":true,"href":"https:\/\/angeln-lenne.de\/index.php?rest_route=%2Fwp%2Fv2%2Fcomments&post=45"}],"version-history":[{"count":7,"href":"https:\/\/angeln-lenne.de\/index.php?rest_route=\/wp\/v2\/pages\/45\/revisions"}],"predecessor-version":[{"id":708,"href":"https:\/\/angeln-lenne.de\/index.php?rest_route=\/wp\/v2\/pages\/45\/revisions\/708"}],"wp:attachment":[{"href":"https:\/\/angeln-lenne.de\/index.php?rest_route=%2Fwp%2Fv2%2Fmedia&parent=45"}],"curies":[{"name":"wp","href":"https:\/\/api.w.org\/{rel}","templated":true}]}}