{"id":47,"date":"2021-03-16T12:36:34","date_gmt":"2021-03-16T12:36:34","guid":{"rendered":"http:\/\/angeln-lenne.de\/?page_id=47"},"modified":"2023-02-21T07:08:39","modified_gmt":"2023-02-21T07:08:39","slug":"impressum","status":"publish","type":"page","link":"https:\/\/angeln-lenne.de\/?page_id=47","title":{"rendered":"Impressum"},"content":{"rendered":"\n<p><br><\/p>\n\n\n\n<h2 class=\"wp-block-heading\"><strong>Impressum<\/strong><\/h2>\n\n\n\n<p><strong>Angaben gem\u00e4\u00df \u00a7 5 TMG<\/strong><\/p>\n\n\n\n<p>Angelfreunde Lenne Hohenlimburg e.V.<br>Malmkestra\u00dfe 44<br>58099 Hagen<\/p>\n\n\n\n<p>Vereinsregister: 1494<br>Registergericht: Hagen<\/p>\n\n\n\n<p><strong>Vertreten durch:<\/strong><br>1. Vorsitzender Benjamin Klar<br>2. Vorsitzender Jens G\u00f6rtz<br>Kassenwart Dirk M\u00e4der<br>Schriftf\u00fchrer J\u00fcrgen Woitzik<\/p>\n\n\n\n<h4 class=\"wp-block-heading\">Kontakt<\/h4>\n\n\n\n<p><br>E-Mail: info@angeln-lenne.de<\/p>\n\n\n\n<h4 class=\"wp-block-heading\">Redaktionell verantwortlich<\/h4>\n\n\n\n<p>Benjamin Klar<br>Malmkestra\u00dfe 44<br>58099 Hagen<\/p>\n\n\n\n<h4 class=\"wp-block-heading\">Verbraucher\u00adstreit\u00adbeilegung\/Universal\u00adschlichtungs\u00adstelle<\/h4>\n\n\n\n<p>Wir sind nicht bereit oder verpflichtet, an Streitbeilegungsverfahren vor einer Verbraucherschlichtungsstelle teilzunehmen.<\/p>\n\n\n\n<p>Quelle: <a href=\"https:\/\/www.e-recht24.de\">eRecht24<\/a><\/p>\n\n\n\n<p><\/p>\n\n\n\n<p><\/p>\n","protected":false},"excerpt":{"rendered":"<p>Impressum Angaben gem\u00e4\u00df \u00a7 5 TMG Angelfreunde Lenne Hohenlimburg e.V.Malmkestra\u00dfe 4458099 Hagen Vereinsregister: 1494Registergericht: Hagen Vertreten durch:1. Vorsitzender Benjamin Klar2.&hellip;<\/p>\n","protected":false},"author":1,"featured_media":0,"parent":0,"menu_order":0,"comment_status":"closed","ping_status":"closed","template":"","meta":{"footnotes":""},"class_list":["post-47","page","type-page","status-publish","hentry"],"jetpack-related-posts":[],"jetpack_sharing_enabled":true,"_links":{"self":[{"href":"https:\/\/angeln-lenne.de\/index.php?rest_route=\/wp\/v2\/pages\/47","targetHints":{"allow":["GET"]}}],"collection":[{"href":"https:\/\/angeln-lenne.de\/index.php?rest_route=\/wp\/v2\/pages"}],"about":[{"href":"https:\/\/angeln-lenne.de\/index.php?rest_route=\/wp\/v2\/types\/page"}],"author":[{"embeddable":true,"href":"https:\/\/angeln-lenne.de\/index.php?rest_route=\/wp\/v2\/users\/1"}],"replies":[{"embeddable":true,"href":"https:\/\/angeln-lenne.de\/index.php?rest_route=%2Fwp%2Fv2%2Fcomments&post=47"}],"version-history":[{"count":11,"href":"https:\/\/angeln-lenne.de\/index.php?rest_route=\/wp\/v2\/pages\/47\/revisions"}],"predecessor-version":[{"id":797,"href":"https:\/\/angeln-lenne.de\/index.php?rest_route=\/wp\/v2\/pages\/47\/revisions\/797"}],"wp:attachment":[{"href":"https:\/\/angeln-lenne.de\/index.php?rest_route=%2Fwp%2Fv2%2Fmedia&parent=47"}],"curies":[{"name":"wp","href":"https:\/\/api.w.org\/{rel}","templated":true}]}}